{"id":26029,"date":"2024-12-29T17:32:41","date_gmt":"2024-12-29T14:32:41","guid":{"rendered":"https:\/\/emaarakvaryum.com\/news-about-us\/"},"modified":"2025-06-28T14:43:03","modified_gmt":"2025-06-28T11:43:03","slug":"news-about-us","status":"publish","type":"page","link":"https:\/\/emaarakvaryum.com\/en\/news-about-us\/","title":{"rendered":"News About Us"},"content":{"rendered":"\t\t<div data-elementor-type=\"wp-page\" data-elementor-id=\"26029\" class=\"elementor elementor-26029 elementor-25325\">\n\t\t\t\t\t\t<section class=\"elementor-section elementor-top-section elementor-element elementor-element-0964c81 elementor-section-stretched elementor-section-boxed elementor-section-height-default elementor-section-height-default sc_fly_static\" data-id=\"0964c81\" data-element_type=\"section\" data-e-type=\"section\" data-settings=\"{&quot;background_background&quot;:&quot;classic&quot;,&quot;stretch_section&quot;:&quot;section-stretched&quot;}\">\n\t\t\t\t\t\t<div class=\"elementor-container elementor-column-gap-extended\">\n\t\t\t\t\t<div class=\"elementor-column elementor-col-100 elementor-top-column elementor-element elementor-element-8cdfb3e sc_content_align_inherit sc_layouts_column_icons_position_left sc_fly_static\" data-id=\"8cdfb3e\" data-element_type=\"column\" data-e-type=\"column\">\n\t\t\t<div class=\"elementor-widget-wrap elementor-element-populated\">\n\t\t\t\t\t\t<div class=\"elementor-element elementor-element-83c2780 sc_fly_static elementor-widget elementor-widget-trx_sc_title\" data-id=\"83c2780\" data-element_type=\"widget\" data-e-type=\"widget\" data-widget_type=\"trx_sc_title.default\">\n\t\t\t\t<div class=\"elementor-widget-container\">\n\t\t\t\t\t<div\t\tclass=\"sc_title sc_title_default\" ><span class=\"sc_item_subtitle sc_title_subtitle sc_item_subtitle_above sc_item_title_style_default\">Emaar Aquarium<\/span><\/div>\t\t\t\t<\/div>\n\t\t\t\t<\/div>\n\t\t\t\t<div class=\"elementor-element elementor-element-6560f47 sc_fly_static elementor-widget elementor-widget-heading\" data-id=\"6560f47\" data-element_type=\"widget\" data-e-type=\"widget\" data-widget_type=\"heading.default\">\n\t\t\t\t<div class=\"elementor-widget-container\">\n\t\t\t\t\t<h2 class=\"elementor-heading-title elementor-size-default\">News About Us<\/h2>\t\t\t\t<\/div>\n\t\t\t\t<\/div>\n\t\t\t\t<div class=\"elementor-element elementor-element-5a3bc0a sc_fly_static elementor-widget elementor-widget-text-editor\" data-id=\"5a3bc0a\" data-element_type=\"widget\" data-e-type=\"widget\" data-widget_type=\"text-editor.default\">\n\t\t\t\t<div class=\"elementor-widget-container\">\n\t\t\t\t\t\t\t\t\t<p>Newly joined creatures, corporate developments, and much more\u2026<br>You can find it all right here. <\/p>\t\t\t\t\t\t\t\t<\/div>\n\t\t\t\t<\/div>\n\t\t\t\t<div class=\"elementor-element elementor-element-153ac5f sc_fly_static elementor-widget elementor-widget-trx_sc_services\" data-id=\"153ac5f\" data-element_type=\"widget\" data-e-type=\"widget\" data-widget_type=\"trx_sc_services.default\">\n\t\t\t\t<div class=\"elementor-widget-container\">\n\t\t\t\t\t<div class=\"sc_services sc_services_cool sc_services_featured_top\"><div class=\"sc_services_columns_wrap sc_item_columns sc_item_posts_container sc_item_columns_2 trx_addons_columns_wrap columns_padding_bottom columns_in_single_row\"><div class=\"trx_addons_column-1_2\"><div data-post-id=\"25329\" class=\"sc_services_item sc_item_container post_container with_content with_more sc_services_item_featured_none post-25329 bizden_haberler type-bizden_haberler status-publish hentry\">\r\n\t\t<div class=\"sc_services_item_content \">\r\n\t\t\t\t<div class=\"sc_services_item_content_inner\"><div class=\"sc_services_item_content_inner_bottom\">\r\n                <h6 class=\"sc_services_item_title\"><a href=\"https:\/\/emaarakvaryum.com\/bizden-haberler\/bayagi-yedi-uyur\/\">Baya\u011f\u0131 Yedi Uyur<\/a><\/h6>\r\n                <div class=\"sc_services_item_text\"><p>Baya\u011f\u0131 Yedi Uyur Emaar Akvaryum ve Su Alt\u0131 Hayvanat Bah\u00e7esi, Do\u011fa Koruma ve Milli Parklar&hellip;<\/p>\n<\/div><div class=\"sc_services_item_button sc_item_button\">\r\n                    <a href=\"https:\/\/emaarakvaryum.com\/bizden-haberler\/bayagi-yedi-uyur\/\" class=\"sc_services_item_more_link\">\r\n                        <span class=\"link_text\">Read more<\/span><span class=\"link_icon\"><\/span>\r\n                    <\/a>\r\n                    <\/div><\/div><\/div><a class=\"sc_services_item_link\" href=\"https:\/\/emaarakvaryum.com\/bizden-haberler\/bayagi-yedi-uyur\/\"><\/a><\/div><\/div><\/div><div class=\"trx_addons_column-1_2\"><div data-post-id=\"25358\" class=\"sc_services_item sc_item_container post_container with_content with_more sc_services_item_featured_none post-25358 bizden_haberler type-bizden_haberler status-publish hentry\">\r\n\t\t<div class=\"sc_services_item_content \">\r\n\t\t\t\t<div class=\"sc_services_item_content_inner\"><div class=\"sc_services_item_content_inner_bottom\">\r\n                <h6 class=\"sc_services_item_title\"><a href=\"https:\/\/emaarakvaryum.com\/bizden-haberler\/emaar-akvaryumda-vietnam-timsah-kertenkelesi\/\">Emaar Akvaryum\u2019da Vietnam Timsah Kertenkelesi<\/a><\/h6>\r\n                <div class=\"sc_services_item_text\"><p>Emaar Akvaryum\u2019da Vietnam Timsah Kertenkelesi Emaar Akvaryum ve Su Alt\u0131 Hayvanat Bah\u00e7esi ve T\u00fcrkiye Tar\u0131m&hellip;<\/p>\n<\/div><div class=\"sc_services_item_button sc_item_button\">\r\n                    <a href=\"https:\/\/emaarakvaryum.com\/bizden-haberler\/emaar-akvaryumda-vietnam-timsah-kertenkelesi\/\" class=\"sc_services_item_more_link\">\r\n                        <span class=\"link_text\">Read more<\/span><span class=\"link_icon\"><\/span>\r\n                    <\/a>\r\n                    <\/div><\/div><\/div><a class=\"sc_services_item_link\" href=\"https:\/\/emaarakvaryum.com\/bizden-haberler\/emaar-akvaryumda-vietnam-timsah-kertenkelesi\/\"><\/a><\/div><\/div><\/div><\/div><\/div>\t\t\t\t<\/div>\n\t\t\t\t<\/div>\n\t\t\t\t\t<\/div>\n\t\t<\/div>\n\t\t\t\t\t<\/div>\n\t\t<\/section>\n\t\t\t\t<\/div>\n\t\t","protected":false},"excerpt":{"rendered":"<p>Emaar Aquarium News About Us Newly joined creatures, corporate developments, and much more\u2026You can find&hellip;<\/p>\n","protected":false},"author":2,"featured_media":0,"parent":0,"menu_order":0,"comment_status":"closed","ping_status":"closed","template":"","meta":{"inline_featured_image":false,"cybocfi_hide_featured_image":"","footnotes":""},"class_list":["post-26029","page","type-page","status-publish","hentry"],"yoast_head":"<!-- This site is optimized with the Yoast SEO plugin v27.5 - https:\/\/yoast.com\/product\/yoast-seo-wordpress\/ -->\n<title>News About Us - Emaar Aquarium and Underwater Zoo<\/title>\n<meta name=\"description\" content=\"To go to Emaar Aquarium from \u00c7ekmek\u00f6y, you need to cover a distance of approximately 15 kilometers. This journey, by car...\" \/>\n<meta name=\"robots\" content=\"index, follow, max-snippet:-1, max-image-preview:large, max-video-preview:-1\" \/>\n<link rel=\"canonical\" href=\"https:\/\/emaarakvaryum.com\/en\/news-about-us\/\" \/>\n<meta property=\"og:locale\" content=\"en_US\" \/>\n<meta property=\"og:type\" content=\"article\" \/>\n<meta property=\"og:title\" content=\"News About Us - Emaar Aquarium and Underwater Zoo\" \/>\n<meta property=\"og:description\" content=\"To go to Emaar Aquarium from \u00c7ekmek\u00f6y, you need to cover a distance of approximately 15 kilometers. This journey, by car...\" \/>\n<meta property=\"og:url\" content=\"https:\/\/emaarakvaryum.com\/en\/news-about-us\/\" \/>\n<meta property=\"og:site_name\" content=\"Emaar Aquarium and Underwater Zoo\" \/>\n<meta property=\"article:publisher\" content=\"https:\/\/www.facebook.com\/emaarakvaryum\/\" \/>\n<meta property=\"article:modified_time\" content=\"2025-06-28T11:43:03+00:00\" \/>\n<meta name=\"twitter:card\" content=\"summary_large_image\" \/>\n<meta name=\"twitter:site\" content=\"@emaarakvaryum\" \/>\n<script type=\"application\/ld+json\" class=\"yoast-schema-graph\">{\"@context\":\"https:\\\/\\\/schema.org\",\"@graph\":[{\"@type\":\"Article\",\"@id\":\"https:\\\/\\\/emaarakvaryum.com\\\/en\\\/news-about-us\\\/#article\",\"isPartOf\":{\"@id\":\"https:\\\/\\\/emaarakvaryum.com\\\/en\\\/news-about-us\\\/\"},\"author\":{\"name\":\"Webtangular Team\",\"@id\":\"https:\\\/\\\/emaarakvaryum.com\\\/en\\\/#\\\/schema\\\/person\\\/0ef3e0d50bc001dc6260dff5d8151bc4\"},\"headline\":\"News About Us\",\"datePublished\":\"2024-12-29T14:32:41+00:00\",\"dateModified\":\"2025-06-28T11:43:03+00:00\",\"mainEntityOfPage\":{\"@id\":\"https:\\\/\\\/emaarakvaryum.com\\\/en\\\/news-about-us\\\/\"},\"wordCount\":74,\"publisher\":{\"@id\":\"https:\\\/\\\/emaarakvaryum.com\\\/en\\\/#organization\"},\"inLanguage\":\"en-US\"},{\"@type\":\"WebPage\",\"@id\":\"https:\\\/\\\/emaarakvaryum.com\\\/en\\\/news-about-us\\\/\",\"url\":\"https:\\\/\\\/emaarakvaryum.com\\\/en\\\/news-about-us\\\/\",\"name\":\"News About Us - Emaar Aquarium and Underwater Zoo\",\"isPartOf\":{\"@id\":\"https:\\\/\\\/emaarakvaryum.com\\\/en\\\/#website\"},\"datePublished\":\"2024-12-29T14:32:41+00:00\",\"dateModified\":\"2025-06-28T11:43:03+00:00\",\"description\":\"To go to Emaar Aquarium from \u00c7ekmek\u00f6y, you need to cover a distance of approximately 15 kilometers. This journey, by car...\",\"breadcrumb\":{\"@id\":\"https:\\\/\\\/emaarakvaryum.com\\\/en\\\/news-about-us\\\/#breadcrumb\"},\"inLanguage\":\"en-US\",\"potentialAction\":[{\"@type\":\"ReadAction\",\"target\":[\"https:\\\/\\\/emaarakvaryum.com\\\/en\\\/news-about-us\\\/\"]}]},{\"@type\":\"BreadcrumbList\",\"@id\":\"https:\\\/\\\/emaarakvaryum.com\\\/en\\\/news-about-us\\\/#breadcrumb\",\"itemListElement\":[{\"@type\":\"ListItem\",\"position\":1,\"name\":\"Home\",\"item\":\"https:\\\/\\\/emaarakvaryum.com\\\/en\\\/\"},{\"@type\":\"ListItem\",\"position\":2,\"name\":\"News About Us\"}]},{\"@type\":\"WebSite\",\"@id\":\"https:\\\/\\\/emaarakvaryum.com\\\/en\\\/#website\",\"url\":\"https:\\\/\\\/emaarakvaryum.com\\\/en\\\/\",\"name\":\"Emaar Aquarium and Underwater Zoo\",\"description\":\"Istanbul's liveliest, most exciting aquarium and underwater zoo\\n\",\"publisher\":{\"@id\":\"https:\\\/\\\/emaarakvaryum.com\\\/en\\\/#organization\"},\"alternateName\":\"Emaar Akvaryum\",\"potentialAction\":[{\"@type\":\"SearchAction\",\"target\":{\"@type\":\"EntryPoint\",\"urlTemplate\":\"https:\\\/\\\/emaarakvaryum.com\\\/en\\\/?s={search_term_string}\"},\"query-input\":{\"@type\":\"PropertyValueSpecification\",\"valueRequired\":true,\"valueName\":\"search_term_string\"}}],\"inLanguage\":\"en-US\"},{\"@type\":\"Organization\",\"@id\":\"https:\\\/\\\/emaarakvaryum.com\\\/en\\\/#organization\",\"name\":\"Emaar Aquarium and Underwater Zoo\",\"alternateName\":\"Emaar Akvaryum\",\"url\":\"https:\\\/\\\/emaarakvaryum.com\\\/en\\\/\",\"logo\":{\"@type\":\"ImageObject\",\"inLanguage\":\"en-US\",\"@id\":\"https:\\\/\\\/emaarakvaryum.com\\\/en\\\/#\\\/schema\\\/logo\\\/image\\\/\",\"url\":\"https:\\\/\\\/emaarakvaryum.com\\\/wp-content\\\/uploads\\\/2022\\\/11\\\/emaarakvaryum.com-favicon.png\",\"contentUrl\":\"https:\\\/\\\/emaarakvaryum.com\\\/wp-content\\\/uploads\\\/2022\\\/11\\\/emaarakvaryum.com-favicon.png\",\"width\":512,\"height\":512,\"caption\":\"Emaar Aquarium and Underwater Zoo\"},\"image\":{\"@id\":\"https:\\\/\\\/emaarakvaryum.com\\\/en\\\/#\\\/schema\\\/logo\\\/image\\\/\"},\"sameAs\":[\"https:\\\/\\\/www.facebook.com\\\/emaarakvaryum\\\/\",\"https:\\\/\\\/x.com\\\/emaarakvaryum\",\"https:\\\/\\\/www.instagram.com\\\/emaarakvaryum\\\/\"]},{\"@type\":\"Person\",\"@id\":\"https:\\\/\\\/emaarakvaryum.com\\\/en\\\/#\\\/schema\\\/person\\\/0ef3e0d50bc001dc6260dff5d8151bc4\",\"name\":\"Webtangular Team\",\"image\":{\"@type\":\"ImageObject\",\"inLanguage\":\"en-US\",\"@id\":\"https:\\\/\\\/secure.gravatar.com\\\/avatar\\\/a3fad7780a421d271ba26f490945117a6c86894921bcc67d8a9467d49b80f5e3?s=96&d=mm&r=g\",\"url\":\"https:\\\/\\\/secure.gravatar.com\\\/avatar\\\/a3fad7780a421d271ba26f490945117a6c86894921bcc67d8a9467d49b80f5e3?s=96&d=mm&r=g\",\"contentUrl\":\"https:\\\/\\\/secure.gravatar.com\\\/avatar\\\/a3fad7780a421d271ba26f490945117a6c86894921bcc67d8a9467d49b80f5e3?s=96&d=mm&r=g\",\"caption\":\"Webtangular Team\"}}]}<\/script>\n<!-- \/ Yoast SEO plugin. -->","yoast_head_json":{"title":"News About Us - Emaar Aquarium and Underwater Zoo","description":"To go to Emaar Aquarium from \u00c7ekmek\u00f6y, you need to cover a distance of approximately 15 kilometers. This journey, by car...","robots":{"index":"index","follow":"follow","max-snippet":"max-snippet:-1","max-image-preview":"max-image-preview:large","max-video-preview":"max-video-preview:-1"},"canonical":"https:\/\/emaarakvaryum.com\/en\/news-about-us\/","og_locale":"en_US","og_type":"article","og_title":"News About Us - Emaar Aquarium and Underwater Zoo","og_description":"To go to Emaar Aquarium from \u00c7ekmek\u00f6y, you need to cover a distance of approximately 15 kilometers. This journey, by car...","og_url":"https:\/\/emaarakvaryum.com\/en\/news-about-us\/","og_site_name":"Emaar Aquarium and Underwater Zoo","article_publisher":"https:\/\/www.facebook.com\/emaarakvaryum\/","article_modified_time":"2025-06-28T11:43:03+00:00","twitter_card":"summary_large_image","twitter_site":"@emaarakvaryum","schema":{"@context":"https:\/\/schema.org","@graph":[{"@type":"Article","@id":"https:\/\/emaarakvaryum.com\/en\/news-about-us\/#article","isPartOf":{"@id":"https:\/\/emaarakvaryum.com\/en\/news-about-us\/"},"author":{"name":"Webtangular Team","@id":"https:\/\/emaarakvaryum.com\/en\/#\/schema\/person\/0ef3e0d50bc001dc6260dff5d8151bc4"},"headline":"News About Us","datePublished":"2024-12-29T14:32:41+00:00","dateModified":"2025-06-28T11:43:03+00:00","mainEntityOfPage":{"@id":"https:\/\/emaarakvaryum.com\/en\/news-about-us\/"},"wordCount":74,"publisher":{"@id":"https:\/\/emaarakvaryum.com\/en\/#organization"},"inLanguage":"en-US"},{"@type":"WebPage","@id":"https:\/\/emaarakvaryum.com\/en\/news-about-us\/","url":"https:\/\/emaarakvaryum.com\/en\/news-about-us\/","name":"News About Us - Emaar Aquarium and Underwater Zoo","isPartOf":{"@id":"https:\/\/emaarakvaryum.com\/en\/#website"},"datePublished":"2024-12-29T14:32:41+00:00","dateModified":"2025-06-28T11:43:03+00:00","description":"To go to Emaar Aquarium from \u00c7ekmek\u00f6y, you need to cover a distance of approximately 15 kilometers. This journey, by car...","breadcrumb":{"@id":"https:\/\/emaarakvaryum.com\/en\/news-about-us\/#breadcrumb"},"inLanguage":"en-US","potentialAction":[{"@type":"ReadAction","target":["https:\/\/emaarakvaryum.com\/en\/news-about-us\/"]}]},{"@type":"BreadcrumbList","@id":"https:\/\/emaarakvaryum.com\/en\/news-about-us\/#breadcrumb","itemListElement":[{"@type":"ListItem","position":1,"name":"Home","item":"https:\/\/emaarakvaryum.com\/en\/"},{"@type":"ListItem","position":2,"name":"News About Us"}]},{"@type":"WebSite","@id":"https:\/\/emaarakvaryum.com\/en\/#website","url":"https:\/\/emaarakvaryum.com\/en\/","name":"Emaar Aquarium and Underwater Zoo","description":"Istanbul's liveliest, most exciting aquarium and underwater zoo\n","publisher":{"@id":"https:\/\/emaarakvaryum.com\/en\/#organization"},"alternateName":"Emaar Akvaryum","potentialAction":[{"@type":"SearchAction","target":{"@type":"EntryPoint","urlTemplate":"https:\/\/emaarakvaryum.com\/en\/?s={search_term_string}"},"query-input":{"@type":"PropertyValueSpecification","valueRequired":true,"valueName":"search_term_string"}}],"inLanguage":"en-US"},{"@type":"Organization","@id":"https:\/\/emaarakvaryum.com\/en\/#organization","name":"Emaar Aquarium and Underwater Zoo","alternateName":"Emaar Akvaryum","url":"https:\/\/emaarakvaryum.com\/en\/","logo":{"@type":"ImageObject","inLanguage":"en-US","@id":"https:\/\/emaarakvaryum.com\/en\/#\/schema\/logo\/image\/","url":"https:\/\/emaarakvaryum.com\/wp-content\/uploads\/2022\/11\/emaarakvaryum.com-favicon.png","contentUrl":"https:\/\/emaarakvaryum.com\/wp-content\/uploads\/2022\/11\/emaarakvaryum.com-favicon.png","width":512,"height":512,"caption":"Emaar Aquarium and Underwater Zoo"},"image":{"@id":"https:\/\/emaarakvaryum.com\/en\/#\/schema\/logo\/image\/"},"sameAs":["https:\/\/www.facebook.com\/emaarakvaryum\/","https:\/\/x.com\/emaarakvaryum","https:\/\/www.instagram.com\/emaarakvaryum\/"]},{"@type":"Person","@id":"https:\/\/emaarakvaryum.com\/en\/#\/schema\/person\/0ef3e0d50bc001dc6260dff5d8151bc4","name":"Webtangular Team","image":{"@type":"ImageObject","inLanguage":"en-US","@id":"https:\/\/secure.gravatar.com\/avatar\/a3fad7780a421d271ba26f490945117a6c86894921bcc67d8a9467d49b80f5e3?s=96&d=mm&r=g","url":"https:\/\/secure.gravatar.com\/avatar\/a3fad7780a421d271ba26f490945117a6c86894921bcc67d8a9467d49b80f5e3?s=96&d=mm&r=g","contentUrl":"https:\/\/secure.gravatar.com\/avatar\/a3fad7780a421d271ba26f490945117a6c86894921bcc67d8a9467d49b80f5e3?s=96&d=mm&r=g","caption":"Webtangular Team"}}]}},"_links":{"self":[{"href":"https:\/\/emaarakvaryum.com\/en\/wp-json\/wp\/v2\/pages\/26029","targetHints":{"allow":["GET"]}}],"collection":[{"href":"https:\/\/emaarakvaryum.com\/en\/wp-json\/wp\/v2\/pages"}],"about":[{"href":"https:\/\/emaarakvaryum.com\/en\/wp-json\/wp\/v2\/types\/page"}],"author":[{"embeddable":true,"href":"https:\/\/emaarakvaryum.com\/en\/wp-json\/wp\/v2\/users\/2"}],"replies":[{"embeddable":true,"href":"https:\/\/emaarakvaryum.com\/en\/wp-json\/wp\/v2\/comments?post=26029"}],"version-history":[{"count":0,"href":"https:\/\/emaarakvaryum.com\/en\/wp-json\/wp\/v2\/pages\/26029\/revisions"}],"wp:attachment":[{"href":"https:\/\/emaarakvaryum.com\/en\/wp-json\/wp\/v2\/media?parent=26029"}],"curies":[{"name":"wp","href":"https:\/\/api.w.org\/{rel}","templated":true}]}}